{"id":24,"date":"2025-03-22T00:19:58","date_gmt":"2025-03-21T23:19:58","guid":{"rendered":"https:\/\/iqla.org\/?page_id=24"},"modified":"2025-10-15T09:02:18","modified_gmt":"2025-10-15T07:02:18","slug":"journals","status":"publish","type":"page","link":"https:\/\/iqla.org\/?page_id=24","title":{"rendered":"Journals and Books"},"content":{"rendered":"\n<ul class=\"wp-block-list\">\n<li><a href=\"#jql\" data-type=\"internal\" data-id=\"#jql\">Journal of Quantitative Linguistics<\/a><\/li>\n\n\n\n<li><a href=\"#glottometrics\" data-type=\"internal\" data-id=\"#glottometrics\">Glottometrics journal<\/a><\/li>\n\n\n\n<li><a href=\"#ql\" data-type=\"internal\" data-id=\"#ql\">Book series Quantitative Linguistics<\/a><\/li>\n<\/ul>\n\n\n\n<hr class=\"wp-block-separator has-alpha-channel-opacity is-style-wide\"\/>\n\n\n\n<div class=\"wp-block-media-text alignwide has-media-on-the-right is-stacked-on-mobile\" style=\"grid-template-columns:auto 27%\"><div class=\"wp-block-media-text__content\">\n<p id=\"jql\"><strong>Journal of Quantitative Linguistics<\/strong><\/p>\n\n\n\n<p>Edited by Emmerich Kelih<\/p>\n\n\n\n<p>The <a href=\"https:\/\/www.tandfonline.com\/journals\/njql20\" target=\"_blank\" rel=\"noreferrer noopener\">Journal of Quantitative Linguistics<\/a> is interested in work which systematically applies or develops mathematical and\/or statistical concepts and methods to theoretical understanding of language phenomena. This covers the range of synchronic and diachronic subdomains of \u201ctheoretical\u201d linguistics (phonology, morphology, syntax, semantics etc.) and \u201capplied\u201d linguistics (sociolinguistics, historical linguistics, cognitive linguistics, pragmatics, text analysis, quantitative stylistics etc.). The introduction of mathematical and statistical concepts and methods from the natural sciences, physics, and cognitive science is particularly encouraged. A particular focus is the further theoretical foundation and empirical analysis of linguistic laws as like Zipf\u2019s, Menzerath-Altmann\u2019s law, Piotrovskij law and others.<\/p>\n\n\n\n<p>For further information, including a guide for authors and details for manuscript submission, go to the journal <a href=\"https:\/\/www.tandfonline.com\/journals\/njql20\" target=\"_blank\" rel=\"noreferrer noopener\">website<\/a>.<\/p>\n\n\n\n<p>Indexed in Web of Science and Scopus.<\/p>\n\n\n\n<p>Publication Frequency: 4 issues per year (since 1\/2008)<\/p>\n\n\n\n<p>Publisher: Routledge Taylor &amp; Francis Group, London<\/p>\n\n\n\n<p>ISSN: 0929-6174, eISSN: 1744-5035 <\/p>\n\n\n\n<p>Peer Review Policy: All articles in this journal have undergone rigorous peer review, based on initial editor screening and refereeing by two anonymous referees.<\/p>\n\n\n\n<p>JQL and IQLA: The Journal of Quantitative Linguistics was founded in 1994. When the International Quantitative Linguistics Association was founded somewhat later in the same year, a contract was made between the editor, the Association, and the publisher. This contract regulates the role of JQL as the official journal of IQLA. IQLA members can subscribe to the journal under favourable terms.<\/p>\n<\/div><figure class=\"wp-block-media-text__media\"><img loading=\"lazy\" decoding=\"async\" width=\"555\" height=\"832\" src=\"https:\/\/iqla.org\/wp-content\/uploads\/2025\/03\/njql20.v032.i01.largecover.jpg\" alt=\"\" class=\"wp-image-35 size-full\" srcset=\"https:\/\/iqla.org\/wp-content\/uploads\/2025\/03\/njql20.v032.i01.largecover.jpg 555w, https:\/\/iqla.org\/wp-content\/uploads\/2025\/03\/njql20.v032.i01.largecover-200x300.jpg 200w\" sizes=\"auto, (max-width: 555px) 100vw, 555px\" \/><\/figure><\/div>\n\n\n\n<hr class=\"wp-block-separator has-alpha-channel-opacity is-style-wide\" style=\"margin-top:var(--wp--preset--spacing--50);margin-bottom:var(--wp--preset--spacing--50)\"\/>\n\n\n\n<div class=\"wp-block-media-text alignwide has-media-on-the-right is-stacked-on-mobile\" style=\"margin-right:0;margin-left:0;grid-template-columns:auto 26%\"><div class=\"wp-block-media-text__content\">\n<p id=\"glottometrics\"><strong>Glottometrics<\/strong><\/p>\n\n\n\n<p>Edited by J\u00e1n Ma\u010dutek and Radek \u010cech<\/p>\n\n\n\n<p>The <a href=\"https:\/\/glottometrics.iqla.org\/\" target=\"_blank\" rel=\"noreferrer noopener\">Glottometrics <\/a>is an open-access journal for the quantitative research of language and text published twice a year by International Quantitative Linguistics Association (IQLA). The aim of Glottometrics is quantification, measurement and mathematical modeling of language phenomena. We invite contributions on probabilistic or other mathematical models and statistical analyses of language and text data. For further information, including a guide for authors and details for manuscript submission, go to the journal <a href=\"https:\/\/glottometrics.iqla.org\" target=\"_blank\" rel=\"noreferrer noopener\">website<\/a>.<\/p>\n\n\n\n<p>Indexed in Web of Science and Scopus.<\/p>\n\n\n\n<p>Publisher: International Quantitative Linguistics Association (IQLA)<\/p>\n\n\n\n<p>eISSN: 2625-8226<\/p>\n\n\n\n<p>Glottometrics and IQLA: The journal was established in 2001 by a pioneer of Quantitative Linguistics Gabriel Altmann and it was published by RAM-Verlag until 2021. Glottometrics has been published by IQLA since 2022.<\/p>\n\n\n\n<p><\/p>\n<\/div><figure class=\"wp-block-media-text__media\"><img loading=\"lazy\" decoding=\"async\" width=\"724\" height=\"1024\" src=\"https:\/\/iqla.org\/wp-content\/uploads\/2025\/03\/Glottometrics.png\" alt=\"\" class=\"wp-image-34 size-full\" srcset=\"https:\/\/iqla.org\/wp-content\/uploads\/2025\/03\/Glottometrics.png 724w, https:\/\/iqla.org\/wp-content\/uploads\/2025\/03\/Glottometrics-212x300.png 212w\" sizes=\"auto, (max-width: 724px) 100vw, 724px\" \/><\/figure><\/div>\n\n\n\n<hr class=\"wp-block-separator has-alpha-channel-opacity is-style-wide\"\/>\n\n\n\n<div class=\"wp-block-media-text alignwide has-media-on-the-right is-stacked-on-mobile\" style=\"margin-right:0;margin-left:0;grid-template-columns:auto 26%\"><div class=\"wp-block-media-text__content\">\n<p id=\"ql\">De Gruyter Book Series <strong>Quantitative Linguistics<\/strong><\/p>\n\n\n\n<p>Edited by:\u00a0Reinhard K\u00f6hler,\u00a0George Mikros\u00a0and\u00a0Arjuna Tuzzi<\/p>\n\n\n\n<p>The series <a href=\"https:\/\/www.degruyterbrill.com\/serial\/ql-b\/html?lang=en\" target=\"_blank\" rel=\"noreferrer noopener\">Quantitative Linguistics<\/a> publishes books on all aspects of quantitative methods and models in linguistics, text analysis and related research fields. Specifically, the scope of the series covers the whole spectrum of theoretical and empirical research, ultimately striving for an exact mathematical formulation and empirical testing of hypotheses: observation and description of linguistic data, application of methods and models, discussion of methodological and epistemological issues, modelling of language and text phenomena.<\/p>\n\n\n\n<p>For further information, go to the Quantitative Linguistics book series <a href=\"https:\/\/www.degruyterbrill.com\/serial\/ql-b\/html?lang=en\" target=\"_blank\" rel=\"noreferrer noopener\">website<\/a>.<\/p>\n\n\n\n<p>ISSN:&nbsp;0179-3616<\/p>\n\n\n\n<p><\/p>\n<\/div><figure class=\"wp-block-media-text__media\"><img loading=\"lazy\" decoding=\"async\" width=\"694\" height=\"1024\" src=\"https:\/\/iqla.org\/wp-content\/uploads\/2025\/05\/QLbookDeGruyter-694x1024.jpeg\" alt=\"\" class=\"wp-image-106 size-full\" srcset=\"https:\/\/iqla.org\/wp-content\/uploads\/2025\/05\/QLbookDeGruyter-694x1024.jpeg 694w, https:\/\/iqla.org\/wp-content\/uploads\/2025\/05\/QLbookDeGruyter-203x300.jpeg 203w, https:\/\/iqla.org\/wp-content\/uploads\/2025\/05\/QLbookDeGruyter-768x1133.jpeg 768w, https:\/\/iqla.org\/wp-content\/uploads\/2025\/05\/QLbookDeGruyter.jpeg 800w\" sizes=\"auto, (max-width: 694px) 100vw, 694px\" \/><\/figure><\/div>\n\n\n\n<p><\/p>\n","protected":false},"excerpt":{"rendered":"<p>Journal of Quantitative Linguistics Edited by Emmerich Kelih The Journal of Quantitative Linguistics is interested in work which systematically applies or develops mathematical and\/or statistical concepts and methods to theoretical understanding of language phenomena. This covers the range of synchronic and diachronic subdomains of \u201ctheoretical\u201d linguistics (phonology, morphology, syntax, semantics etc.) and \u201capplied\u201d linguistics (sociolinguistics, [&hellip;]<\/p>\n","protected":false},"author":1,"featured_media":0,"parent":0,"menu_order":0,"comment_status":"closed","ping_status":"closed","template":"","meta":{"ngg_post_thumbnail":0,"footnotes":""},"class_list":["post-24","page","type-page","status-publish","hentry"],"_links":{"self":[{"href":"https:\/\/iqla.org\/index.php?rest_route=\/wp\/v2\/pages\/24","targetHints":{"allow":["GET"]}}],"collection":[{"href":"https:\/\/iqla.org\/index.php?rest_route=\/wp\/v2\/pages"}],"about":[{"href":"https:\/\/iqla.org\/index.php?rest_route=\/wp\/v2\/types\/page"}],"author":[{"embeddable":true,"href":"https:\/\/iqla.org\/index.php?rest_route=\/wp\/v2\/users\/1"}],"replies":[{"embeddable":true,"href":"https:\/\/iqla.org\/index.php?rest_route=%2Fwp%2Fv2%2Fcomments&post=24"}],"version-history":[{"count":12,"href":"https:\/\/iqla.org\/index.php?rest_route=\/wp\/v2\/pages\/24\/revisions"}],"predecessor-version":[{"id":379,"href":"https:\/\/iqla.org\/index.php?rest_route=\/wp\/v2\/pages\/24\/revisions\/379"}],"wp:attachment":[{"href":"https:\/\/iqla.org\/index.php?rest_route=%2Fwp%2Fv2%2Fmedia&parent=24"}],"curies":[{"name":"wp","href":"https:\/\/api.w.org\/{rel}","templated":true}]}}