{"id":122,"date":"2025-05-06T18:10:27","date_gmt":"2025-05-06T16:10:27","guid":{"rendered":"https:\/\/iqla.org\/?page_id=122"},"modified":"2025-06-17T10:29:54","modified_gmt":"2025-06-17T08:29:54","slug":"resources","status":"publish","type":"page","link":"https:\/\/iqla.org\/?page_id=122","title":{"rendered":"Resources"},"content":{"rendered":"\n<p><\/p>\n\n\n\n<p><strong>Quantitative linguistics bibliography (1995-2021) <\/strong>[in preparation]<\/p>\n\n\n\n<p><strong><a href=\"https:\/\/iqla.org\/iqla_bibliography.html\" data-type=\"link\" data-id=\"https:\/\/iqla.org\/iqla_bibliography.html\" target=\"_blank\" rel=\"noreferrer noopener\">Quantitative linguistics bibliography (19<sup>th<\/sup> century \u2013 1995)<\/a><\/strong><\/p>\n\n\n\n<p>The searchable IQLA bibliographic database contains more than 8,500 citations, ranging from the 19th century up to 1995. IQLA members who feel in a position to provide additional relevant content or who discover problems with the search functionality are kindly requested to contact the IQLA secretary. For a basic quantitative linguistics reference guide, please check the basic references page. The bibliography is based on K\u00f6hler, Reinhard, Hoffmann, Christiane (1995): Bibliography of quantitative linguistics. Amsterdam, Philadelphia: John Benjamins (Amsterdam studies in the theory and history of linguistic science. Series V, Library and information sources in linguistics, 25).<\/p>\n\n\n\n<p><a href=\"http:\/\/www.qla.iqla.org\/Literaturverzeichnis.pdf\" target=\"_blank\" rel=\"noreferrer noopener\"><strong>The Altmann &#8211; K\u00f6hler Quantitative Linguistics Archive<\/strong><\/a><\/p>\n\n\n\n<p><strong><a href=\"http:\/\/peter-grzybek-archive.org\/\" target=\"_blank\" rel=\"noreferrer noopener\">The Peter Grzybek Memorial Archive of Slavic Studies Publications<\/a><\/strong><\/p>\n\n\n\n<p><\/p>\n\n\n\n<details class=\"wp-block-details is-layout-flow wp-block-details-is-layout-flow\"><summary><strong>Basic quantitative linguistics references<\/strong><\/summary>\n<p><a href=\"https:\/\/www.degruyterbrill.com\/document\/doi\/10.1515\/9783110155785\/html?lang=de\" target=\"_blank\" rel=\"noreferrer noopener\">Handbook of Quantitative Linguistics. K\u00f6hler, Reinhard; Altmann, Gabriel; Piotrowski, Rajmund G. (eds.) (2005): Quantitative Linguistik. Quantitative Linguistics. Ein internationales Handbuch. An International Handbook. Berlin, New York: de Gruyter (Handb\u00fccher zur Sprach- und Kommunikationswissenschaft, 27).<\/a><\/p>\n\n\n\n<p><a href=\"https:\/\/www.degruyterbrill.com\/document\/doi\/10.1515\/9783111351605\/html\" target=\"_blank\" rel=\"noreferrer noopener\">Quantification in Linguistics and Text Analysis. Selected Papers of Gabriel Altmann. Kelih, Emmerich.; Ma\u010dutek, J\u00e1n.; Kos\u010dov\u00e1, Michaela. (eds.) (2025): Basel\/Berlin\/Boston: De Gruyter, (Quantitative Linguistics, 73).<\/a><\/p>\n\n\n\n<p><a href=\"https:\/\/iqla.org\/wp-content\/uploads\/2025\/05\/Zipf_1949_Human_Behavior_and_the_Principle_of_Least_Effort.pdf\" target=\"_blank\" rel=\"noreferrer noopener\">Human Behavior and the Principle of Least Effort. An Introduction to Human Ecology. Zipf, George K. (1949). Cambridge, MA: Addison-Wesley.<\/a><\/p>\n\n\n\n<p><a href=\"https:\/\/iqla.org\/wp-content\/uploads\/2025\/05\/Zipf_1935_1965_Psycho-Biology_Language.pdf\" target=\"_blank\" rel=\"noreferrer noopener\">The Psycho-biology of Language. Zipf, George K. (1965). Cambridge, MA: The MIT Press<\/a><\/p>\n\n\n\n<p><a href=\"https:\/\/iqla.org\/wp-content\/uploads\/2025\/05\/Kohler_QL31_1986.pdf\" target=\"_blank\" rel=\"noreferrer noopener\">Zur linguistischen Synergetik. Struktur und Dynamik der Lexik. K\u00f6hler, Reinhard (1986). Bochum: Brockmeyer (QL, 31).<\/a><\/p>\n\n\n\n<p><a href=\"https:\/\/iqla.org\/wp-content\/uploads\/2025\/05\/Guiter_Arapov_eds_QL16_1982.pdf\" target=\"_blank\" rel=\"noreferrer noopener\">Studies on Zipf&#8217;s law. Guiter, Henri; Arapov, M.V. (eds.) (1982). Bochum: Brockmeyer (QL, 16).<\/a><\/p>\n<\/details>\n\n\n\n<p><\/p>\n\n\n\n<details class=\"wp-block-details is-layout-flow wp-block-details-is-layout-flow\"><summary><strong>Quantitative Linguistics book series<\/strong><\/summary>\n<p><a href=\"https:\/\/iqla.org\/wp-content\/uploads\/2025\/06\/QL_11_Grotjahn_1981_Quantitative_Linguistics_11.pdf\" target=\"_blank\" rel=\"noreferrer noopener\">Hexameter studies<\/a>. Grotjahn, R. (1981). Bochum: Brockmeyer (QL, 11).<\/p>\n\n\n\n<p><a href=\"https:\/\/iqla.org\/wp-content\/uploads\/2025\/06\/QL_15_Orlov_Boroda_Nadarejslivi_1982_Quantitative_Linguistics_15.pdf\" target=\"_blank\" rel=\"noreferrer noopener\">Sprache, Text, Kunst. Quantitative Analysen<\/a>. Orlov, Ju. K., Boroda, M. G., Nadarejsvili, I. S. (1982). Bochum: Brockmeyer (QL, 15).<\/p>\n\n\n\n<p><a href=\"https:\/\/iqla.org\/wp-content\/uploads\/2025\/06\/QL_2_Grotjahn_1979_Quantitative_Linguistics_2-1.pdf\" target=\"_blank\" rel=\"noreferrer noopener\">Linguistische und statistische Methoden in Metrik und Textwissenschaft<\/a>. Grotjahn, R. (1979). Bochum: Brockmeyer (QL, 2).<\/p>\n\n\n\n<p><a href=\"https:\/\/iqla.org\/wp-content\/uploads\/2025\/06\/QL_47_Altmann_Zornig_1992.pdf\" target=\"_blank\" rel=\"noreferrer noopener\">Diskrete Wahrscheinlichkeitsverteilungen I<\/a><a href=\"https:\/\/iqla.org\/includes\/basic_references\/QL_47_Altmann_Z\u00f6rnig_1992.pdf\" target=\"_blank\" rel=\"noreferrer noopener\">I<\/a>. Altmann, G., Z\u00f6rnig, P. (1992). Bochum: Brockmeyer (QL, 47).<\/p>\n\n\n\n<p><a href=\"https:\/\/iqla.org\/wp-content\/uploads\/2025\/06\/QL_17_Arapov_Cherc_1983.pdf\" target=\"_blank\" rel=\"noreferrer noopener\">Mathematische Methoden in der historischen Linguistik<\/a>. Arapov, M.V., Cherc, M.M. (1983). Bochum: Brockmeyer (QL, 17).<\/p>\n\n\n\n<p><a href=\"https:\/\/iqla.org\/wp-content\/uploads\/2025\/06\/QL_36_Altmann_1988_Quantitative_Linguistics_36.pdf\" target=\"_blank\" rel=\"noreferrer noopener\">Wiederholungen in Texten<\/a>. Altmann, G. (1988). Bochum: Brockmeyer (QL, 36).<\/p>\n\n\n\n<p><a href=\"https:\/\/iqla.org\/wp-content\/uploads\/2025\/06\/QL_52_Altmann_Hrebicek_1993_Quantitative_Linguistics_52.pdf\" target=\"_blank\" rel=\"noreferrer noopener\">Quantitative Text Analysis<\/a>. Altmann, G., H\u0159eb\u00ed\u010dek, L. (1993). Trier: Wissenschaftlicher Verlag Trier (QL, 52).<\/p>\n\n\n\n<p><a href=\"https:\/\/iqla.org\/wp-content\/uploads\/2025\/06\/QL_54_Tuldava_1995_Quantitative_Linguistics_54.pdf\" target=\"_blank\" rel=\"noreferrer noopener\">Methods in Quantitative Linguistics<\/a>. Tuldava, J. (1995). Trier: Wissenschaftlicher Verlag Trier (QL, 54).<\/p>\n\n\n\n<p><a href=\"https:\/\/iqla.org\/wp-content\/uploads\/2025\/06\/QL_55_Altmann_1995_Quantitative_Linguistics_55.pdf\" target=\"_blank\" rel=\"noreferrer noopener\">Statistik f\u00fcr Linguisten<\/a>. Altmann, G. (1995). Trier: Wissenschaftlicher Verlag Trier (QL, 55).<\/p>\n\n\n\n<p><a href=\"https:\/\/iqla.org\/wp-content\/uploads\/2025\/06\/QL_56_Hrebicek_1995_Quantitative_Linguistics_56.pdf\" target=\"_blank\" rel=\"noreferrer noopener\">Text levels: Language constructs, constituents and the Menzerath-Altmann law<\/a>. H\u0159eb\u00ed\u010dek, L. (1995). Trier: Wissenschaftlicher Verlag Trier (QL, 56).<\/p>\n\n\n\n<p><a href=\"https:\/\/iqla.org\/wp-content\/uploads\/2025\/06\/QL_59_Tuldava_1998_Quantitative_Linguistics_59.pdf\" target=\"_blank\" rel=\"noreferrer noopener\">Probleme und Methoden der quantitativ-systemischen Lexikologie<\/a>. Tuldava, J. (1998). Trier: Wissenschaftlicher Verlag Trier (QL, 59).<\/p>\n\n\n\n<p><a href=\"https:\/\/iqla.org\/wp-content\/uploads\/2025\/06\/QL_60_Uhlirova_Wimmer_Altmann_Kohler_2001_Quantitative_Linguistics_60.pdf\" target=\"_blank\" rel=\"noreferrer noopener\">Text as a linguistic paradigm : levels, constituents, constructs<\/a>. Uhl\u00ed\u0159ov\u00e1, L., Wimmer, G., Altmann, G., K\u00f6hler, R. (2001). Trier: Wissenschaftlicher Verlag Trier (QL, 60).<\/p>\n<\/details>\n\n\n\n<p><\/p>\n\n\n\n<details class=\"wp-block-details is-layout-flow wp-block-details-is-layout-flow\"><summary><strong>Glottometrika<\/strong><\/summary>\n<p><a href=\"https:\/\/iqla.org\/wp-content\/uploads\/2025\/05\/G_01_Altmann_ed_QL1_Glottometrika1_1978.pdf\" target=\"_blank\" rel=\"noreferrer noopener\">Altmann, Gabriel (ed.) (1978): Glottometrika 1. Bochum: Brockmeyer (Quantitative Linguistics, 1).<\/a><\/p>\n\n\n\n<p><a href=\"https:\/\/iqla.org\/wp-content\/uploads\/2025\/05\/G_02_Grotjahn_ed_QL3_Glottometrika2_1980.pdf\" target=\"_blank\" rel=\"noreferrer noopener\">Grotjahn, R\u00fcdiger (ed.) (1980): Glottometrika 2. Bochum: Brockmeyer (Quantitative Linguistics, 3).<\/a><\/p>\n\n\n\n<p><a href=\"https:\/\/iqla.org\/wp-content\/uploads\/2025\/05\/G_03_3_Glottometrika_Matthaus_1980_QL_5.pdf\" target=\"_blank\" rel=\"noreferrer noopener\">Matth\u00e4us, Wolfhart (ed.) (1980): Glottometrika 3. Bochum: Brockmeyer (Quantitative Linguistics, 5).<\/a><\/p>\n\n\n\n<p><a href=\"https:\/\/iqla.org\/wp-content\/uploads\/2025\/05\/G_04_Lehfeldt_Strauss_eds_QL14_Glottometrika_1982.pdf\" target=\"_blank\" rel=\"noreferrer noopener\">Lehfeldt, Werner; Strauss, Udo (eds.) (1982): Glottometrika 4. Bochum: Brockmeyer. Bochum: Brockmeyer (Quantitative Linguistics, 14).<\/a><\/p>\n\n\n\n<p><a href=\"https:\/\/iqla.org\/wp-content\/uploads\/2025\/05\/G_05_Kohler_Boy_eds_QL20_Glottometrika5_1983.pdf\" target=\"_blank\" rel=\"noreferrer noopener\">K\u00f6hler, Reinhard; Boy, Joachim (eds.) (1983): Glottometrika 5. Bochum: Brockmeyer (Quantitative Linguistics, 20).<\/a><\/p>\n\n\n\n<p><a href=\"https:\/\/iqla.org\/wp-content\/uploads\/2025\/05\/G_07_Rothe_eds_QL26_Glottometrika7_1984.pdf\" target=\"_blank\" rel=\"noreferrer noopener\">Boy, Joachim; K\u00f6hler, Reinhard (eds.) (1984): Glottometrika 6. Bochum: Brockmeyer (Quantitative Linguistics, 25).<\/a><\/p>\n\n\n\n<p><a href=\"https:\/\/iqla.org\/wp-content\/uploads\/2025\/05\/G_07_Rothe_eds_QL26_Glottometrika7_1984.pdf\" target=\"_blank\" rel=\"noreferrer noopener\">Rothe, Ursula (ed.) (1984): Glottometrika 7. Bochum: Brockmeyer (Quantitative Linguistic, 26).<\/a><\/p>\n\n\n\n<p><a href=\"https:\/\/iqla.org\/wp-content\/uploads\/2025\/05\/G_08_Glottometrika_8.pdf\" target=\"_blank\" rel=\"noreferrer noopener\">Fickermann, I. (ed.) (1987): Glottometrika 8. Bochum: Brockmeyer. Schulz, <\/a><\/p>\n\n\n\n<p><a href=\"https:\/\/iqla.org\/wp-content\/uploads\/2025\/05\/G_09_Schulz_QL35_Glottometrika9_1988.pdf\" target=\"_blank\" rel=\"noreferrer noopener\">Klaus-Peter (ed.) (1988): Glottometrika 9. Bochum: Brockmeyer (Quantitative Linguistics, 35).<\/a><\/p>\n\n\n\n<p><a href=\"https:\/\/iqla.org\/wp-content\/uploads\/2025\/05\/G_10_Hammerl_ed_QL38_Glottometrika10_1989.pdf\" target=\"_blank\" rel=\"noreferrer noopener\">Hammerl, Rolf (ed.) (1989): Glottometrika 10. Bochum: Brockmeyer (Quantitative Linguistics, 38).<\/a><\/p>\n\n\n\n<p><a href=\"https:\/\/iqla.org\/wp-content\/uploads\/2025\/05\/G_11_Glottometrika_Hrebicek_1990_QL_42.pdf\" target=\"_blank\" rel=\"noreferrer noopener\">H\u0159eb\u00ed\u010dek, Lud\u011bk (ed.) (1990): Glottometrika 11. Bochum: Brockmeyer (Quantitative Linguistics, 42).<\/a><\/p>\n\n\n\n<p><a href=\"https:\/\/iqla.org\/wp-content\/uploads\/2025\/05\/G_12_12_Glottometrika_Hammerl_1990_QL_45.pdf\" target=\"_blank\" rel=\"noreferrer noopener\">Hammerl, Rolf (ed.) (1990): Glottometrika 12. Bochum: Brockmeyer (Quantitative Linguistics, 45).<\/a><\/p>\n\n\n\n<p><a href=\"https:\/\/iqla.org\/wp-content\/uploads\/2025\/05\/G_13_13_Glottometrika_Rieger_1992_QL_49.pdf\" target=\"_blank\" rel=\"noreferrer noopener\">Rieger, Burkhard (ed.) (1992): Glottometrika 13. Bochum: Brockmeyer (Quantitative Linguistics, 49).<\/a><\/p>\n\n\n\n<p><a href=\"https:\/\/iqla.org\/wp-content\/uploads\/2025\/05\/G_14_Glottometrika_Altmann_1993_QL_53.pdf\" target=\"_blank\" rel=\"noreferrer noopener\">Altmann, Gabriel (ed.) (1993): Glottometrika 14. Trier: Wissenschaftlicher Verlag Trier (Quantitative Linguistics, 53).<\/a><\/p>\n\n\n\n<p><a href=\"https:\/\/iqla.org\/wp-content\/uploads\/2025\/05\/G_15_Glottometrika_Schmidt_1996_QL_57.pdf\" target=\"_blank\" rel=\"noreferrer noopener\">Schmidt, Peter (ed.) (1996): Glottometrika 15. Issues in general linguistic theory and the theory of word length. Trier: Wissenschaftlicher Verlag Trier (Quantitative Linguistics, 57).<\/a><\/p>\n\n\n\n<p><a href=\"https:\/\/iqla.org\/wp-content\/uploads\/2025\/05\/G_16_Glottometrika_Best_1997_QL_58.pdf\" target=\"_blank\" rel=\"noreferrer noopener\">Best, Karl-Heinz (ed.) (1997): Glottometrika 16. The distribution of word and sentence length. Trier: Wissenschaftlicher Verlag Trier (Quantitative Linguistics, 58).<\/a><\/p>\n<\/details>\n\n\n\n<p><\/p>\n\n\n\n<p><\/p>\n\n\n\n<p><\/p>\n","protected":false},"excerpt":{"rendered":"<p>Quantitative linguistics bibliography (1995-2021) [in preparation] Quantitative linguistics bibliography (19th century \u2013 1995) The searchable IQLA bibliographic database contains more than 8,500 citations, ranging from the 19th century up to 1995. IQLA members who feel in a position to provide additional relevant content or who discover problems with the search functionality are kindly requested to [&hellip;]<\/p>\n","protected":false},"author":1,"featured_media":0,"parent":0,"menu_order":0,"comment_status":"closed","ping_status":"closed","template":"","meta":{"ngg_post_thumbnail":0,"footnotes":""},"class_list":["post-122","page","type-page","status-publish","hentry"],"_links":{"self":[{"href":"https:\/\/iqla.org\/index.php?rest_route=\/wp\/v2\/pages\/122","targetHints":{"allow":["GET"]}}],"collection":[{"href":"https:\/\/iqla.org\/index.php?rest_route=\/wp\/v2\/pages"}],"about":[{"href":"https:\/\/iqla.org\/index.php?rest_route=\/wp\/v2\/types\/page"}],"author":[{"embeddable":true,"href":"https:\/\/iqla.org\/index.php?rest_route=\/wp\/v2\/users\/1"}],"replies":[{"embeddable":true,"href":"https:\/\/iqla.org\/index.php?rest_route=%2Fwp%2Fv2%2Fcomments&post=122"}],"version-history":[{"count":25,"href":"https:\/\/iqla.org\/index.php?rest_route=\/wp\/v2\/pages\/122\/revisions"}],"predecessor-version":[{"id":242,"href":"https:\/\/iqla.org\/index.php?rest_route=\/wp\/v2\/pages\/122\/revisions\/242"}],"wp:attachment":[{"href":"https:\/\/iqla.org\/index.php?rest_route=%2Fwp%2Fv2%2Fmedia&parent=122"}],"curies":[{"name":"wp","href":"https:\/\/api.w.org\/{rel}","templated":true}]}}